{"id":1308,"date":"2024-01-05T15:09:08","date_gmt":"2024-01-05T14:09:08","guid":{"rendered":"https:\/\/vsk.uvlf.sk\/sk\/?page_id=1308"},"modified":"2025-06-09T10:40:50","modified_gmt":"2025-06-09T08:40:50","slug":"hai","status":"publish","type":"page","link":"https:\/\/vsk.uvlf.sk\/sk\/hai\/","title":{"rendered":"Habilita\u010dn\u00e9 a inaugura\u010dn\u00e9 konania"},"content":{"rendered":"","protected":false},"excerpt":{"rendered":"","protected":false},"author":1,"featured_media":0,"parent":0,"menu_order":0,"comment_status":"closed","ping_status":"closed","template":"templates-reg\/reg_hai.php","meta":{"inline_featured_image":false,"footnotes":""},"class_list":["post-1308","page","type-page","status-publish","hentry"],"_links":{"self":[{"href":"https:\/\/vsk.uvlf.sk\/sk\/wp-json\/wp\/v2\/pages\/1308","targetHints":{"allow":["GET"]}}],"collection":[{"href":"https:\/\/vsk.uvlf.sk\/sk\/wp-json\/wp\/v2\/pages"}],"about":[{"href":"https:\/\/vsk.uvlf.sk\/sk\/wp-json\/wp\/v2\/types\/page"}],"author":[{"embeddable":true,"href":"https:\/\/vsk.uvlf.sk\/sk\/wp-json\/wp\/v2\/users\/1"}],"replies":[{"embeddable":true,"href":"https:\/\/vsk.uvlf.sk\/sk\/wp-json\/wp\/v2\/comments?post=1308"}],"version-history":[{"count":5,"href":"https:\/\/vsk.uvlf.sk\/sk\/wp-json\/wp\/v2\/pages\/1308\/revisions"}],"predecessor-version":[{"id":3250,"href":"https:\/\/vsk.uvlf.sk\/sk\/wp-json\/wp\/v2\/pages\/1308\/revisions\/3250"}],"wp:attachment":[{"href":"https:\/\/vsk.uvlf.sk\/sk\/wp-json\/wp\/v2\/media?parent=1308"}],"curies":[{"name":"wp","href":"https:\/\/api.w.org\/{rel}","templated":true}]}}