{"id":1312,"date":"2024-01-06T08:41:11","date_gmt":"2024-01-06T07:41:11","guid":{"rendered":"https:\/\/vsk.uvlf.sk\/sk\/?page_id=1312"},"modified":"2025-06-09T10:49:07","modified_gmt":"2025-06-09T08:49:07","slug":"ozhvp","status":"publish","type":"page","link":"https:\/\/vsk.uvlf.sk\/sk\/ozhvp\/","title":{"rendered":"Osoby zodpovedn\u00e9 za kvalitu odborov habilita\u010dn\u00fdch a inaugura\u010dn\u00fdch konan\u00ed"},"content":{"rendered":"","protected":false},"excerpt":{"rendered":"","protected":false},"author":1,"featured_media":0,"parent":0,"menu_order":0,"comment_status":"closed","ping_status":"closed","template":"templates-reg\/reg_hai_ozsp.php","meta":{"inline_featured_image":false,"footnotes":""},"class_list":["post-1312","page","type-page","status-publish","hentry"],"_links":{"self":[{"href":"https:\/\/vsk.uvlf.sk\/sk\/wp-json\/wp\/v2\/pages\/1312","targetHints":{"allow":["GET"]}}],"collection":[{"href":"https:\/\/vsk.uvlf.sk\/sk\/wp-json\/wp\/v2\/pages"}],"about":[{"href":"https:\/\/vsk.uvlf.sk\/sk\/wp-json\/wp\/v2\/types\/page"}],"author":[{"embeddable":true,"href":"https:\/\/vsk.uvlf.sk\/sk\/wp-json\/wp\/v2\/users\/1"}],"replies":[{"embeddable":true,"href":"https:\/\/vsk.uvlf.sk\/sk\/wp-json\/wp\/v2\/comments?post=1312"}],"version-history":[{"count":5,"href":"https:\/\/vsk.uvlf.sk\/sk\/wp-json\/wp\/v2\/pages\/1312\/revisions"}],"predecessor-version":[{"id":3249,"href":"https:\/\/vsk.uvlf.sk\/sk\/wp-json\/wp\/v2\/pages\/1312\/revisions\/3249"}],"wp:attachment":[{"href":"https:\/\/vsk.uvlf.sk\/sk\/wp-json\/wp\/v2\/media?parent=1312"}],"curies":[{"name":"wp","href":"https:\/\/api.w.org\/{rel}","templated":true}]}}