{"id":1522,"date":"2024-01-12T12:40:47","date_gmt":"2024-01-12T11:40:47","guid":{"rendered":"https:\/\/vsk.uvlf.sk\/sk\/?page_id=1522"},"modified":"2024-01-12T12:40:54","modified_gmt":"2024-01-12T11:40:54","slug":"prj","status":"publish","type":"page","link":"https:\/\/vsk.uvlf.sk\/sk\/prj\/","title":{"rendered":"Projektov\u00e1 \u010dinnos\u0165 univerzity"},"content":{"rendered":"","protected":false},"excerpt":{"rendered":"","protected":false},"author":1,"featured_media":0,"parent":0,"menu_order":0,"comment_status":"closed","ping_status":"closed","template":"templates-prj\/prj_all.php","meta":{"inline_featured_image":false,"footnotes":""},"class_list":["post-1522","page","type-page","status-publish","hentry"],"_links":{"self":[{"href":"https:\/\/vsk.uvlf.sk\/sk\/wp-json\/wp\/v2\/pages\/1522","targetHints":{"allow":["GET"]}}],"collection":[{"href":"https:\/\/vsk.uvlf.sk\/sk\/wp-json\/wp\/v2\/pages"}],"about":[{"href":"https:\/\/vsk.uvlf.sk\/sk\/wp-json\/wp\/v2\/types\/page"}],"author":[{"embeddable":true,"href":"https:\/\/vsk.uvlf.sk\/sk\/wp-json\/wp\/v2\/users\/1"}],"replies":[{"embeddable":true,"href":"https:\/\/vsk.uvlf.sk\/sk\/wp-json\/wp\/v2\/comments?post=1522"}],"version-history":[{"count":2,"href":"https:\/\/vsk.uvlf.sk\/sk\/wp-json\/wp\/v2\/pages\/1522\/revisions"}],"predecessor-version":[{"id":1524,"href":"https:\/\/vsk.uvlf.sk\/sk\/wp-json\/wp\/v2\/pages\/1522\/revisions\/1524"}],"wp:attachment":[{"href":"https:\/\/vsk.uvlf.sk\/sk\/wp-json\/wp\/v2\/media?parent=1522"}],"curies":[{"name":"wp","href":"https:\/\/api.w.org\/{rel}","templated":true}]}}