{"id":2459,"date":"2024-03-26T09:36:19","date_gmt":"2024-03-26T08:36:19","guid":{"rendered":"https:\/\/vsk.uvlf.sk\/sk\/?page_id=2459"},"modified":"2025-01-17T08:27:53","modified_gmt":"2025-01-17T07:27:53","slug":"rhsp","status":"publish","type":"page","link":"https:\/\/vsk.uvlf.sk\/sk\/rhsp\/","title":{"rendered":"Ro\u010dn\u00e9 hodnotenia \u0161tudijn\u00fdch programov"},"content":{"rendered":"","protected":false},"excerpt":{"rendered":"","protected":false},"author":1,"featured_media":0,"parent":0,"menu_order":0,"comment_status":"closed","ping_status":"closed","template":"templates-reg\/reg_vhsp.php","meta":{"inline_featured_image":false,"footnotes":""},"class_list":["post-2459","page","type-page","status-publish","hentry"],"_links":{"self":[{"href":"https:\/\/vsk.uvlf.sk\/sk\/wp-json\/wp\/v2\/pages\/2459","targetHints":{"allow":["GET"]}}],"collection":[{"href":"https:\/\/vsk.uvlf.sk\/sk\/wp-json\/wp\/v2\/pages"}],"about":[{"href":"https:\/\/vsk.uvlf.sk\/sk\/wp-json\/wp\/v2\/types\/page"}],"author":[{"embeddable":true,"href":"https:\/\/vsk.uvlf.sk\/sk\/wp-json\/wp\/v2\/users\/1"}],"replies":[{"embeddable":true,"href":"https:\/\/vsk.uvlf.sk\/sk\/wp-json\/wp\/v2\/comments?post=2459"}],"version-history":[{"count":4,"href":"https:\/\/vsk.uvlf.sk\/sk\/wp-json\/wp\/v2\/pages\/2459\/revisions"}],"predecessor-version":[{"id":2931,"href":"https:\/\/vsk.uvlf.sk\/sk\/wp-json\/wp\/v2\/pages\/2459\/revisions\/2931"}],"wp:attachment":[{"href":"https:\/\/vsk.uvlf.sk\/sk\/wp-json\/wp\/v2\/media?parent=2459"}],"curies":[{"name":"wp","href":"https:\/\/api.w.org\/{rel}","templated":true}]}}